{"id":2582,"date":"2025-06-13T08:55:02","date_gmt":"2025-06-13T08:55:02","guid":{"rendered":"https:\/\/neonledstrip.com\/?page_id=2582"},"modified":"2025-06-13T08:55:03","modified_gmt":"2025-06-13T08:55:03","slug":"personlige-oplysninger","status":"publish","type":"page","link":"https:\/\/neonledstrip.com\/da\/personlige-oplysninger\/","title":{"rendered":"Politik for beskyttelse af personlige oplysninger"},"content":{"rendered":"<p>Dit privatliv er vigtigt for os. Det er Neon LED Strip's politik at respektere dit privatliv og overholde enhver g\u00e6ldende lov og regulering vedr\u00f8rende alle personlige oplysninger, vi m\u00e5tte indsamle om dig, herunder p\u00e5 tv\u00e6rs af vores hjemmeside, https:\/\/neonledstrip.com\/ og andre websteder, vi ejer og driver.<\/p>\n\n\n\n<p><strong>Denne politik blev opdateret den 15. februar 2023.<\/strong><\/p>\n\n\n\n<h2 class=\"wp-block-heading\" id=\"h-information-we-collect\"><strong>Oplysninger, vi indsamler<\/strong><\/h2>\n\n\n\n<p>De oplysninger, vi indsamler, omfatter b\u00e5de oplysninger, du bevidst og aktivt giver os, n\u00e5r du bruger eller deltager i vores tjenester og kampagner, og alle oplysninger, der automatisk sendes af dine enheder i forbindelse med adgang til vores produkter og tjenester.<\/p>\n\n\n\n<h2 class=\"wp-block-heading\" id=\"h-log-data\"><strong>Log-data<\/strong><\/h2>\n\n\n\n<p>N\u00e5r du bes\u00f8ger vores websted, kan vores servere automatisk logge de standarddata, som din webbrowser leverer. Det kan omfatte din enheds IP-adresse (Internet Protocol), din browsertype og -version, de sider, du bes\u00f8ger, tidspunktet og datoen for dit bes\u00f8g, den tid, der bruges p\u00e5 hver side, andre detaljer om dit bes\u00f8g og tekniske detaljer, der opst\u00e5r i forbindelse med eventuelle fejl, du m\u00e5tte st\u00f8de p\u00e5.<\/p>\n\n\n\n<p>V\u00e6r opm\u00e6rksom p\u00e5, at selv om disse oplysninger ikke er personligt identificerende i sig selv, kan det v\u00e6re muligt at kombinere dem med andre data for at identificere individuelle personer personligt.<\/p>\n\n\n\n<h2 class=\"wp-block-heading\" id=\"h-personal-information\"><strong>Personlig information<\/strong><\/h2>\n\n\n\n<p>Vi kan bede om personlige oplysninger, som kan omfatte en eller flere af f\u00f8lgende:<\/p>\n\n\n\n<ul class=\"wp-block-list\">\n<li>Navn<\/li>\n\n\n\n<li>E-mail<\/li>\n\n\n\n<li>Virksomhedens navn<\/li>\n\n\n\n<li>Telefonnummer<\/li>\n<\/ul>\n\n\n\n<h2 class=\"wp-block-heading\" id=\"h-legitimate-reasons-for-processing-your-personal-information\"><strong>Legitime grunde til at behandle dine personlige oplysninger<\/strong><\/h2>\n\n\n\n<p>Vi indsamler og bruger kun dine personlige oplysninger af legitime \u00e5rsager. I dette tilf\u00e6lde indsamler vi kun personlige oplysninger, der med rimelighed er n\u00f8dvendige for at levere vores tjenester til dig.<\/p>\n\n\n\n<h2 class=\"wp-block-heading\" id=\"h-collection-and-use-of-information\"><strong>Indsamling og brug af oplysninger<\/strong><\/h2>\n\n\n\n<p>Vi kan indsamle personlige oplysninger fra dig, n\u00e5r du g\u00f8r noget af det f\u00f8lgende p\u00e5 vores hjemmeside:<\/p>\n\n\n\n<ul class=\"wp-block-list\">\n<li>Brug en mobil enhed eller webbrowser til at f\u00e5 adgang til vores indhold<\/li>\n\n\n\n<li>Kontakt os via e-mail, sociale medier eller andre lignende teknologier<\/li>\n\n\n\n<li>N\u00e5r du n\u00e6vner os p\u00e5 sociale medier<\/li>\n<\/ul>\n\n\n\n<p>Vi kan indsamle, opbevare, bruge og videregive oplysninger til f\u00f8lgende form\u00e5l, og personlige oplysninger vil ikke blive viderebehandlet p\u00e5 en m\u00e5de, der er uforenelig med disse form\u00e5l:<\/p>\n\n\n\n<p>Vi kan indsamle, opbevare, bruge og videregive oplysninger til f\u00f8lgende form\u00e5l, og personlige oplysninger vil ikke blive viderebehandlet p\u00e5 en m\u00e5de, der er uforenelig med disse form\u00e5l:<\/p>\n\n\n\n<ul class=\"wp-block-list\">\n<li>For at give dig mulighed for at tilpasse eller personligg\u00f8re din oplevelse af vores hjemmeside<\/li>\n\n\n\n<li>til analyser, markedsunders\u00f8gelser og forretningsudvikling, herunder drift og forbedring af vores hjemmeside, tilknyttede applikationer og tilknyttede sociale medieplatforme<\/li>\n<\/ul>\n\n\n\n<p>V\u00e6r opm\u00e6rksom p\u00e5, at vi kan kombinere de oplysninger, vi indsamler om dig, med generelle oplysninger eller forskningsdata, som vi modtager fra andre p\u00e5lidelige kilder.<\/p>\n\n\n\n<h2 class=\"wp-block-heading\" id=\"h-security-of-your-personal-information\"><strong>Sikkerhed for dine personlige oplysninger<\/strong><\/h2>\n\n\n\n<p>N\u00e5r vi indsamler og behandler personlige oplysninger og opbevarer dem, vil vi beskytte dem p\u00e5 kommercielt acceptable m\u00e5der for at forhindre tab og tyveri samt uautoriseret adgang, videregivelse, kopiering, brug eller \u00e6ndring.<\/p>\n\n\n\n<p>Selvom vi vil g\u00f8re vores bedste for at beskytte de personlige oplysninger, du giver os, anbefaler vi, at ingen metode til elektronisk overf\u00f8rsel eller opbevaring er 100% sikker. Ingen kan garantere absolut datasikkerhed. Vi vil overholde de love, der g\u00e6lder for os, vedr\u00f8rende ethvert brud p\u00e5 datasikkerheden.<\/p>\n\n\n\n<p>Du er ansvarlig for at v\u00e6lge en adgangskode og dens generelle sikkerhedsstyrke og for at sikre dine oplysninger inden for rammerne af vores tjenester.<\/p>\n\n\n\n<h2 class=\"wp-block-heading\" id=\"h-how-long-do-we-keep-your-personal-information\"><strong>Hvor l\u00e6nge opbevarer vi dine personlige oplysninger?<\/strong><\/h2>\n\n\n\n<p>Vi opbevarer kun dine personlige oplysninger, s\u00e5 l\u00e6nge vi har brug for det. Denne periode kan afh\u00e6nge af, hvad vi bruger dine oplysninger til i overensstemmelse med denne privatlivspolitik. Hvis dine personlige oplysninger ikke l\u00e6ngere er n\u00f8dvendige, sletter vi dem eller g\u00f8r dem anonyme ved at fjerne alle detaljer, der kan identificere dig.<\/p>\n\n\n\n<p>Hvis det er n\u00f8dvendigt, kan vi dog opbevare dine personlige oplysninger for at overholde en juridisk, regnskabsm\u00e6ssig eller rapporteringsm\u00e6ssig forpligtelse eller til arkiveringsform\u00e5l i offentlighedens interesse, videnskabelig eller historisk forskning eller statistiske form\u00e5l.<\/p>\n\n\n\n<h2 class=\"wp-block-heading\" id=\"h-children-s-privacy\"><strong>B\u00f8rns privatliv<\/strong><\/h2>\n\n\n\n<p>Vi retter ikke nogen af vores produkter eller tjenester direkte mod b\u00f8rn under 18 \u00e5r, og vi indsamler ikke bevidst personlige oplysninger om b\u00f8rn under 18 \u00e5r.<\/p>\n\n\n\n<h2 class=\"wp-block-heading\" id=\"h-international-transfers-of-personal-information\"><strong>Internationale overf\u00f8rsler af personlige oplysninger<\/strong><\/h2>\n\n\n\n<p>De personlige oplysninger, vi indsamler, opbevares og\/eller behandles, hvor vi eller vores partnere, datterselskaber og tredjepartsudbydere har faciliteter. V\u00e6r opm\u00e6rksom p\u00e5, at de steder, hvor vi opbevarer, behandler eller overf\u00f8rer dine personlige oplysninger, muligvis ikke har de samme databeskyttelseslove som det land, hvor du oprindeligt leverede oplysningerne. Hvis vi overf\u00f8rer dine personlige oplysninger til tredjeparter i andre lande: (i) vil vi udf\u00f8re disse overf\u00f8rsler i overensstemmelse med kravene i g\u00e6ldende lovgivning, og (ii) vi vil beskytte de overf\u00f8rte personlige oplysninger i overensstemmelse med denne privatlivspolitik.<\/p>\n\n\n\n<h2 class=\"wp-block-heading\" id=\"h-your-rights-and-controlling-your-personal-information\"><strong>Dine rettigheder og kontrol af dine personlige oplysninger<\/strong><\/h2>\n\n\n\n<p>Du har altid ret til at tilbageholde personlige oplysninger fra os med den forst\u00e5else, at din oplevelse af vores hjemmeside kan blive p\u00e5virket. Vi vil ikke diskriminere dig for at ud\u00f8ve dine rettigheder over dine personlige oplysninger. Hvis du giver os personlige oplysninger, er du indforst\u00e5et med, at vi indsamler, opbevarer, bruger og videregiver dem i overensstemmelse med denne privatlivspolitik. Du bevarer retten til at anmode om detaljer om alle personlige oplysninger, vi har om dig.<\/p>\n\n\n\n<p>Hvis vi modtager personlige oplysninger om dig fra en tredjepart, vil vi beskytte dem som beskrevet i denne privatlivspolitik. Hvis du er en tredjepart, der leverer personlige oplysninger om en anden person, erkl\u00e6rer og garanterer du, at du har en s\u00e5dan persons samtykke til at levere de personlige oplysninger til os.<\/p>\n\n\n\n<p>Hvis du tidligere har accepteret, at vi bruger dine personlige oplysninger til direkte markedsf\u00f8ringsform\u00e5l, kan du til enhver tid \u00e6ndre mening. Vi giver dig mulighed for at afmelde dig fra vores e-maildatabase eller frav\u00e6lge kommunikation. V\u00e6r opm\u00e6rksom p\u00e5, at vi kan v\u00e6re n\u00f8dt til at anmode om specifikke oplysninger fra dig for at hj\u00e6lpe os med at bekr\u00e6fte din identitet.<\/p>\n\n\n\n<p>Hvis du mener, at nogen af de oplysninger, vi har om dig, er un\u00f8jagtige, for\u00e6ldede, ufuldst\u00e6ndige, irrelevante eller vildledende, bedes du kontakte os ved hj\u00e6lp af oplysningerne i denne privatlivspolitik. Vi vil tage rimelige skridt til at rette eventuelle oplysninger, der viser sig at v\u00e6re un\u00f8jagtige, ufuldst\u00e6ndige, vildledende eller for\u00e6ldede.<\/p>\n\n\n\n<p>Hvis du mener, at vi har overtr\u00e5dt en relevant databeskyttelseslov og \u00f8nsker at indgive en klage, bedes du kontakte os ved hj\u00e6lp af nedenst\u00e5ende oplysninger og give os alle detaljer om den p\u00e5st\u00e5ede overtr\u00e6delse. Vi vil straks unders\u00f8ge din klage og svare dig skriftligt med angivelse af resultatet af vores unders\u00f8gelse og de skridt, vi vil tage for at h\u00e5ndtere din klage. Du har ogs\u00e5 ret til at kontakte et tilsynsorgan eller en databeskyttelsesmyndighed om din klage.<\/p>\n\n\n\n<h2 class=\"wp-block-heading\" id=\"h-use-of-cookies\"><strong>Brug af cookies<\/strong><\/h2>\n\n\n\n<p>Vi bruger \"cookies\" til at indsamle oplysninger om dig og din aktivitet p\u00e5 vores hjemmeside. En cookie er et lille stykke data, som vores hjemmeside gemmer p\u00e5 din computer og tilg\u00e5r, hver gang du bes\u00f8ger den, s\u00e5 vi kan forst\u00e5, hvordan du bruger vores hjemmeside. Det hj\u00e6lper os med at vise dig indhold baseret p\u00e5 de pr\u00e6ferencer, du har angivet.<\/p>\n\n\n\n<h2 class=\"wp-block-heading\" id=\"h-limits-of-our-policy\"><strong>Gr\u00e6nser for vores politik<\/strong><\/h2>\n\n\n\n<p>Vores websted kan linke til eksterne websteder, som vi ikke driver. V\u00e6r opm\u00e6rksom p\u00e5, at vi ikke har nogen kontrol over indholdet og politikkerne p\u00e5 disse websteder og ikke kan p\u00e5tage os ansvar for deres respektive privatlivspraksis.<\/p>\n\n\n\n<h2 class=\"wp-block-heading\" id=\"h-changes-to-this-policy\"><strong>\u00c6ndringer af denne politik<\/strong><\/h2>\n\n\n\n<p>Vi kan \u00e6ndre vores privatlivspolitik for at afspejle opdateringer af vores forretningsprocesser, aktuelle acceptable praksisser eller lovgivningsm\u00e6ssige eller regulatoriske \u00e6ndringer. Hvis vi beslutter at \u00e6ndre denne privatlivspolitik, vil vi offentligg\u00f8re \u00e6ndringerne her p\u00e5 det samme link, som du bruger til at f\u00e5 adgang til denne privatlivspolitik.<\/p>\n\n\n\n<p>Hvis loven kr\u00e6ver det, indhenter vi din tilladelse eller giver dig mulighed for at til- eller frav\u00e6lge enhver ny brug af dine personlige oplysninger, alt efter hvad der er relevant.<\/p>\n\n\n\n<h2 class=\"wp-block-heading\" id=\"h-contact-us\"><strong>Kontakt os<\/strong><\/h2>\n\n\n\n<p>Hvis du har sp\u00f8rgsm\u00e5l eller bekymringer vedr\u00f8rende dit privatliv, kan du kontakte os ved hj\u00e6lp af f\u00f8lgende oplysninger:<\/p>\n\n\n\n<p>sales@neonledstrip.com<\/p>","protected":false},"excerpt":{"rendered":"<p>Your privacy is important to us. It is Neon LED Strip policy to respect your privacy and comply with any applicable law and regulation regarding any personal information we may collect about you, including across our website, https:\/\/neonledstrip.com\/, and other sites we own and operate. This policy was updated on February 15, 2023. Information We&#8230;<\/p>","protected":false},"author":1,"featured_media":0,"parent":0,"menu_order":0,"comment_status":"closed","ping_status":"closed","template":"","meta":{"_kad_post_transparent":"","_kad_post_title":"","_kad_post_layout":"","_kad_post_sidebar_id":"","_kad_post_content_style":"","_kad_post_vertical_padding":"","_kad_post_feature":"","_kad_post_feature_position":"","_kad_post_header":false,"_kad_post_footer":false,"_kad_post_classname":"","footnotes":""},"class_list":["post-2582","page","type-page","status-publish","hentry"],"yoast_head":"<!-- This site is optimized with the Yoast SEO Premium plugin v23.0 (Yoast SEO v27.1.1) - https:\/\/yoast.com\/product\/yoast-seo-premium-wordpress\/ -->\n<title>Privacy Policy - Neon LED Strip<\/title>\n<meta name=\"robots\" content=\"index, follow, max-snippet:-1, max-image-preview:large, max-video-preview:-1\" \/>\n<link rel=\"canonical\" href=\"https:\/\/neonledstrip.com\/da\/personlige-oplysninger\/\" \/>\n<meta property=\"og:locale\" content=\"da_DK\" \/>\n<meta property=\"og:type\" content=\"article\" \/>\n<meta property=\"og:title\" content=\"Privacy Policy\" \/>\n<meta property=\"og:description\" content=\"Your privacy is important to us. It is Neon LED Strip policy to respect your privacy and comply with any applicable law and regulation regarding any personal information we may collect about you, including across our website, https:\/\/neonledstrip.com\/, and other sites we own and operate. This policy was updated on February 15, 2023. Information We...\" \/>\n<meta property=\"og:url\" content=\"https:\/\/neonledstrip.com\/da\/personlige-oplysninger\/\" \/>\n<meta property=\"og:site_name\" content=\"Neon LED Strip\" \/>\n<meta property=\"article:modified_time\" content=\"2025-06-13T08:55:03+00:00\" \/>\n<meta name=\"twitter:card\" content=\"summary_large_image\" \/>\n<meta name=\"twitter:label1\" content=\"Estimeret l\u00e6setid\" \/>\n\t<meta name=\"twitter:data1\" content=\"6 minutter\" \/>\n<script type=\"application\/ld+json\" class=\"yoast-schema-graph\">{\"@context\":\"https:\/\/schema.org\",\"@graph\":[{\"@type\":\"WebPage\",\"@id\":\"https:\/\/neonledstrip.com\/personal-information\/\",\"url\":\"https:\/\/neonledstrip.com\/personal-information\/\",\"name\":\"Privacy Policy - Neon LED Strip\",\"isPartOf\":{\"@id\":\"https:\/\/neonledstrip.com\/#website\"},\"datePublished\":\"2025-06-13T08:55:02+00:00\",\"dateModified\":\"2025-06-13T08:55:03+00:00\",\"breadcrumb\":{\"@id\":\"https:\/\/neonledstrip.com\/personal-information\/#breadcrumb\"},\"inLanguage\":\"da-DK\",\"potentialAction\":[{\"@type\":\"ReadAction\",\"target\":[\"https:\/\/neonledstrip.com\/personal-information\/\"]}]},{\"@type\":\"BreadcrumbList\",\"@id\":\"https:\/\/neonledstrip.com\/personal-information\/#breadcrumb\",\"itemListElement\":[{\"@type\":\"ListItem\",\"position\":1,\"name\":\"Home\",\"item\":\"https:\/\/neonledstrip.com\/\"},{\"@type\":\"ListItem\",\"position\":2,\"name\":\"Privacy Policy\"}]},{\"@type\":\"WebSite\",\"@id\":\"https:\/\/neonledstrip.com\/#website\",\"url\":\"https:\/\/neonledstrip.com\/\",\"name\":\"Neon LED Strip\",\"description\":\"\",\"publisher\":{\"@id\":\"https:\/\/neonledstrip.com\/#organization\"},\"potentialAction\":[{\"@type\":\"SearchAction\",\"target\":{\"@type\":\"EntryPoint\",\"urlTemplate\":\"https:\/\/neonledstrip.com\/?s={search_term_string}\"},\"query-input\":{\"@type\":\"PropertyValueSpecification\",\"valueRequired\":true,\"valueName\":\"search_term_string\"}}],\"inLanguage\":\"da-DK\"},{\"@type\":\"Organization\",\"@id\":\"https:\/\/neonledstrip.com\/#organization\",\"name\":\"Neon LED Strip\",\"url\":\"https:\/\/neonledstrip.com\/\",\"logo\":{\"@type\":\"ImageObject\",\"inLanguage\":\"da-DK\",\"@id\":\"https:\/\/neonledstrip.com\/#\/schema\/logo\/image\/\",\"url\":\"https:\/\/neonledstrip.com\/wp-content\/uploads\/2023\/03\/LOGO.jpg\",\"contentUrl\":\"https:\/\/neonledstrip.com\/wp-content\/uploads\/2023\/03\/LOGO.jpg\",\"width\":646,\"height\":228,\"caption\":\"Neon LED Strip\"},\"image\":{\"@id\":\"https:\/\/neonledstrip.com\/#\/schema\/logo\/image\/\"}}]}<\/script>\n<!-- \/ Yoast SEO Premium plugin. -->","yoast_head_json":{"title":"Fortrolighedspolitik - Neon LED Strip","robots":{"index":"index","follow":"follow","max-snippet":"max-snippet:-1","max-image-preview":"max-image-preview:large","max-video-preview":"max-video-preview:-1"},"canonical":"https:\/\/neonledstrip.com\/da\/personlige-oplysninger\/","og_locale":"da_DK","og_type":"article","og_title":"Privacy Policy","og_description":"Your privacy is important to us. It is Neon LED Strip policy to respect your privacy and comply with any applicable law and regulation regarding any personal information we may collect about you, including across our website, https:\/\/neonledstrip.com\/, and other sites we own and operate. This policy was updated on February 15, 2023. Information We...","og_url":"https:\/\/neonledstrip.com\/da\/personlige-oplysninger\/","og_site_name":"Neon LED Strip","article_modified_time":"2025-06-13T08:55:03+00:00","twitter_card":"summary_large_image","twitter_misc":{"Estimeret l\u00e6setid":"6 minutter"},"schema":{"@context":"https:\/\/schema.org","@graph":[{"@type":"WebPage","@id":"https:\/\/neonledstrip.com\/personal-information\/","url":"https:\/\/neonledstrip.com\/personal-information\/","name":"Fortrolighedspolitik - Neon LED Strip","isPartOf":{"@id":"https:\/\/neonledstrip.com\/#website"},"datePublished":"2025-06-13T08:55:02+00:00","dateModified":"2025-06-13T08:55:03+00:00","breadcrumb":{"@id":"https:\/\/neonledstrip.com\/personal-information\/#breadcrumb"},"inLanguage":"da-DK","potentialAction":[{"@type":"ReadAction","target":["https:\/\/neonledstrip.com\/personal-information\/"]}]},{"@type":"BreadcrumbList","@id":"https:\/\/neonledstrip.com\/personal-information\/#breadcrumb","itemListElement":[{"@type":"ListItem","position":1,"name":"Home","item":"https:\/\/neonledstrip.com\/"},{"@type":"ListItem","position":2,"name":"Privacy Policy"}]},{"@type":"WebSite","@id":"https:\/\/neonledstrip.com\/#website","url":"https:\/\/neonledstrip.com\/","name":"Neon LED-stribe","description":"","publisher":{"@id":"https:\/\/neonledstrip.com\/#organization"},"potentialAction":[{"@type":"SearchAction","target":{"@type":"EntryPoint","urlTemplate":"https:\/\/neonledstrip.com\/?s={search_term_string}"},"query-input":{"@type":"PropertyValueSpecification","valueRequired":true,"valueName":"search_term_string"}}],"inLanguage":"da-DK"},{"@type":"Organization","@id":"https:\/\/neonledstrip.com\/#organization","name":"Neon LED-stribe","url":"https:\/\/neonledstrip.com\/","logo":{"@type":"ImageObject","inLanguage":"da-DK","@id":"https:\/\/neonledstrip.com\/#\/schema\/logo\/image\/","url":"https:\/\/neonledstrip.com\/wp-content\/uploads\/2023\/03\/LOGO.jpg","contentUrl":"https:\/\/neonledstrip.com\/wp-content\/uploads\/2023\/03\/LOGO.jpg","width":646,"height":228,"caption":"Neon LED Strip"},"image":{"@id":"https:\/\/neonledstrip.com\/#\/schema\/logo\/image\/"}}]}},"_links":{"self":[{"href":"https:\/\/neonledstrip.com\/da\/wp-json\/wp\/v2\/pages\/2582","targetHints":{"allow":["GET"]}}],"collection":[{"href":"https:\/\/neonledstrip.com\/da\/wp-json\/wp\/v2\/pages"}],"about":[{"href":"https:\/\/neonledstrip.com\/da\/wp-json\/wp\/v2\/types\/page"}],"author":[{"embeddable":true,"href":"https:\/\/neonledstrip.com\/da\/wp-json\/wp\/v2\/users\/1"}],"replies":[{"embeddable":true,"href":"https:\/\/neonledstrip.com\/da\/wp-json\/wp\/v2\/comments?post=2582"}],"version-history":[{"count":0,"href":"https:\/\/neonledstrip.com\/da\/wp-json\/wp\/v2\/pages\/2582\/revisions"}],"wp:attachment":[{"href":"https:\/\/neonledstrip.com\/da\/wp-json\/wp\/v2\/media?parent=2582"}],"curies":[{"name":"wp","href":"https:\/\/api.w.org\/{rel}","templated":true}]}}