{"id":2582,"date":"2025-06-13T08:55:02","date_gmt":"2025-06-13T08:55:02","guid":{"rendered":"https:\/\/neonledstrip.com\/?page_id=2582"},"modified":"2025-06-13T08:55:03","modified_gmt":"2025-06-13T08:55:03","slug":"personliche-daten","status":"publish","type":"page","link":"https:\/\/neonledstrip.com\/de\/personliche-daten\/","title":{"rendered":"Datenschutzbestimmungen"},"content":{"rendered":"<p>Ihre Privatsph\u00e4re ist f\u00fcr uns wichtig. Es ist Neon LED Strip Politik, Ihre Privatsph\u00e4re zu respektieren und mit allen geltenden Gesetzen und Vorschriften in Bezug auf alle pers\u00f6nlichen Informationen, die wir \u00fcber Sie sammeln k\u00f6nnen, einschlie\u00dflich \u00fcber unsere Website, https:\/\/neonledstrip.com\/, und andere Websites, die wir besitzen und betreiben.<\/p>\n\n\n\n<p><strong>Diese Richtlinie wurde am 15. Februar 2023 aktualisiert.<\/strong><\/p>\n\n\n\n<h2 class=\"wp-block-heading\" id=\"h-information-we-collect\"><strong>Gesammelte Informationen<\/strong><\/h2>\n\n\n\n<p>Zu den von uns erfassten Informationen geh\u00f6ren sowohl Informationen, die Sie uns bewusst und aktiv zur Verf\u00fcgung stellen, wenn Sie unsere Dienste und Werbeaktionen nutzen oder daran teilnehmen, als auch Informationen, die von Ihren Ger\u00e4ten im Zuge des Zugriffs auf unsere Produkte und Dienste automatisch gesendet werden.<\/p>\n\n\n\n<h2 class=\"wp-block-heading\" id=\"h-log-data\"><strong>Protokolldaten<\/strong><\/h2>\n\n\n\n<p>Wenn Sie unsere Website besuchen, k\u00f6nnen unsere Server automatisch die Standarddaten protokollieren, die Ihr Webbrowser \u00fcbermittelt. Dazu geh\u00f6ren die IP-Adresse Ihres Ger\u00e4ts, der Typ und die Version Ihres Browsers, die von Ihnen besuchten Seiten, die Uhrzeit und das Datum Ihres Besuchs, die auf jeder Seite verbrachte Zeit, andere Details \u00fcber Ihren Besuch sowie technische Details, die in Verbindung mit etwaigen Fehlern auftreten.<\/p>\n\n\n\n<p>Bitte beachten Sie, dass diese Informationen zwar f\u00fcr sich genommen nicht pers\u00f6nlich identifizierbar sind, dass es aber m\u00f6glich sein kann, sie mit anderen Daten zu kombinieren, um einzelne Personen pers\u00f6nlich zu identifizieren.<\/p>\n\n\n\n<h2 class=\"wp-block-heading\" id=\"h-personal-information\"><strong>Pers\u00f6nliche Informationen<\/strong><\/h2>\n\n\n\n<p>Wir k\u00f6nnen nach pers\u00f6nlichen Informationen fragen, die eine oder mehrere der folgenden Informationen umfassen k\u00f6nnen:<\/p>\n\n\n\n<ul class=\"wp-block-list\">\n<li>Name<\/li>\n\n\n\n<li>E-Mail<\/li>\n\n\n\n<li>Name des Unternehmens<\/li>\n\n\n\n<li>Rufnummer<\/li>\n<\/ul>\n\n\n\n<h2 class=\"wp-block-heading\" id=\"h-legitimate-reasons-for-processing-your-personal-information\"><strong>Legitime Gr\u00fcnde f\u00fcr die Verarbeitung Ihrer pers\u00f6nlichen Daten<\/strong><\/h2>\n\n\n\n<p>Wir sammeln und verwenden Ihre pers\u00f6nlichen Daten nur aus legitimen Gr\u00fcnden. In diesem Fall erfassen wir nur personenbezogene Daten, die vern\u00fcnftigerweise notwendig sind, um Ihnen unsere Dienstleistungen anzubieten.<\/p>\n\n\n\n<h2 class=\"wp-block-heading\" id=\"h-collection-and-use-of-information\"><strong>Sammlung und Verwendung von Informationen<\/strong><\/h2>\n\n\n\n<p>Wir k\u00f6nnen personenbezogene Daten von Ihnen erheben, wenn Sie eine der folgenden Aktionen auf unserer Website durchf\u00fchren:<\/p>\n\n\n\n<ul class=\"wp-block-list\">\n<li>Verwenden Sie ein mobiles Ger\u00e4t oder einen Webbrowser, um auf unsere Inhalte zuzugreifen<\/li>\n\n\n\n<li>Kontaktieren Sie uns per E-Mail, \u00fcber soziale Medien oder \u00e4hnliche Technologien<\/li>\n\n\n\n<li>Wenn Sie uns in den sozialen Medien erw\u00e4hnen<\/li>\n<\/ul>\n\n\n\n<p>Wir sind berechtigt, Daten f\u00fcr die folgenden Zwecke zu erheben, zu speichern, zu verwenden und weiterzugeben, wobei personenbezogene Daten nicht in einer Weise weiterverarbeitet werden, die mit diesen Zwecken unvereinbar ist:<\/p>\n\n\n\n<p>Wir sind berechtigt, Daten f\u00fcr die folgenden Zwecke zu erheben, zu speichern, zu verwenden und weiterzugeben, wobei personenbezogene Daten nicht in einer Weise weiterverarbeitet werden, die mit diesen Zwecken unvereinbar ist:<\/p>\n\n\n\n<ul class=\"wp-block-list\">\n<li>Um Ihnen die M\u00f6glichkeit zu geben, Ihre Erfahrung mit unserer Website anzupassen oder zu personalisieren<\/li>\n\n\n\n<li>f\u00fcr Analysen, Marktforschung und Gesch\u00e4ftsentwicklung, einschlie\u00dflich des Betriebs und der Verbesserung unserer Website, der zugeh\u00f6rigen Anwendungen und der zugeh\u00f6rigen Social-Media-Plattformen<\/li>\n<\/ul>\n\n\n\n<p>Bitte beachten Sie, dass wir Informationen, die wir \u00fcber Sie sammeln, mit allgemeinen Informationen oder Forschungsdaten kombinieren k\u00f6nnen, die wir von anderen vertrauensw\u00fcrdigen Quellen erhalten.<\/p>\n\n\n\n<h2 class=\"wp-block-heading\" id=\"h-security-of-your-personal-information\"><strong>Sicherheit Ihrer pers\u00f6nlichen Daten<\/strong><\/h2>\n\n\n\n<p>Wenn wir personenbezogene Daten erfassen, verarbeiten und aufbewahren, sch\u00fctzen wir sie mit wirtschaftlich vertretbaren Mitteln, um Verlust und Diebstahl sowie unbefugten Zugriff, Offenlegung, Kopieren, Verwendung oder \u00c4nderung zu verhindern.<\/p>\n\n\n\n<p>Obwohl wir unser Bestes tun, um die pers\u00f6nlichen Daten, die Sie uns zur Verf\u00fcgung stellen, zu sch\u00fctzen, weisen wir darauf hin, dass keine Methode der elektronischen \u00dcbertragung oder Speicherung 100% sicher ist. Niemand kann absolute Datensicherheit garantieren. Wir werden die auf uns anwendbaren Gesetze in Bezug auf jede Datenverletzung einhalten.<\/p>\n\n\n\n<p>Sie sind f\u00fcr die Wahl des Passworts und dessen allgemeine Sicherheit verantwortlich, um die Sicherheit Ihrer Daten im Rahmen unserer Dienste zu gew\u00e4hrleisten.<\/p>\n\n\n\n<h2 class=\"wp-block-heading\" id=\"h-how-long-do-we-keep-your-personal-information\"><strong>Wie lange bewahren wir Ihre pers\u00f6nlichen Informationen auf?<\/strong><\/h2>\n\n\n\n<p>Wir bewahren Ihre pers\u00f6nlichen Daten nur so lange auf, wie wir sie ben\u00f6tigen. Dieser Zeitraum kann davon abh\u00e4ngen, wof\u00fcr wir Ihre Daten gem\u00e4\u00df dieser Datenschutzrichtlinie verwenden. Wenn Ihre personenbezogenen Daten nicht mehr ben\u00f6tigt werden, l\u00f6schen wir sie oder anonymisieren sie, indem wir alle Details entfernen, die Sie identifizieren.<\/p>\n\n\n\n<p>Falls erforderlich, k\u00f6nnen wir Ihre personenbezogenen Daten jedoch aufbewahren, um einer gesetzlichen, buchhalterischen oder berichtspflichtigen Verpflichtung nachzukommen oder f\u00fcr Archivierungszwecke im \u00f6ffentlichen Interesse, wissenschaftliche oder historische Forschung oder statistische Zwecke.<\/p>\n\n\n\n<h2 class=\"wp-block-heading\" id=\"h-children-s-privacy\"><strong>Datenschutz f\u00fcr Kinder<\/strong><\/h2>\n\n\n\n<p>Unsere Produkte und Dienstleistungen richten sich nicht direkt an Kinder unter 18 Jahren, und wir erfassen nicht wissentlich pers\u00f6nliche Daten von Kindern unter 18 Jahren.<\/p>\n\n\n\n<h2 class=\"wp-block-heading\" id=\"h-international-transfers-of-personal-information\"><strong>Internationale \u00dcbermittlung von pers\u00f6nlichen Daten<\/strong><\/h2>\n\n\n\n<p>Die von uns erfassten personenbezogenen Daten werden dort gespeichert und\/oder verarbeitet, wo wir oder unsere Partner, verbundenen Unternehmen und Drittanbieter Einrichtungen unterhalten. Bitte beachten Sie, dass die Orte, an denen wir Ihre personenbezogenen Daten speichern, verarbeiten oder \u00fcbertragen, m\u00f6glicherweise nicht denselben Datenschutzgesetzen unterliegen wie das Land, in dem Sie die Daten urspr\u00fcnglich zur Verf\u00fcgung gestellt haben. Wenn wir Ihre personenbezogenen Daten an Dritte in anderen L\u00e4ndern weitergeben, (i) f\u00fchren wir diese \u00dcbertragungen in \u00dcbereinstimmung mit den Anforderungen des geltenden Rechts durch und (ii) sch\u00fctzen wir die \u00fcbertragenen personenbezogenen Daten in \u00dcbereinstimmung mit dieser Datenschutzrichtlinie.<\/p>\n\n\n\n<h2 class=\"wp-block-heading\" id=\"h-your-rights-and-controlling-your-personal-information\"><strong>Ihre Rechte und die Kontrolle Ihrer pers\u00f6nlichen Daten<\/strong><\/h2>\n\n\n\n<p>Sie haben jederzeit das Recht, uns personenbezogene Daten vorzuenthalten, wobei Sie sich dar\u00fcber im Klaren sind, dass Ihre Nutzung unserer Website dadurch beeintr\u00e4chtigt werden kann. Wir werden Sie nicht diskriminieren, wenn Sie Ihre Rechte in Bezug auf Ihre personenbezogenen Daten wahrnehmen. Wenn Sie uns personenbezogene Daten zur Verf\u00fcgung stellen, erkl\u00e4ren Sie sich damit einverstanden, dass wir diese in \u00dcbereinstimmung mit dieser Datenschutzrichtlinie sammeln, aufbewahren, verwenden und weitergeben. Sie haben das Recht, Einzelheiten zu allen personenbezogenen Daten, die wir \u00fcber Sie gespeichert haben, anzufordern.<\/p>\n\n\n\n<p>Wenn wir personenbezogene Daten \u00fcber Sie von einer dritten Partei erhalten, werden wir diese gem\u00e4\u00df dieser Datenschutzrichtlinie sch\u00fctzen. Wenn Sie ein Dritter sind, der uns personenbezogene Daten \u00fcber eine andere Person zur Verf\u00fcgung stellt, sichern Sie zu, dass Sie das Einverst\u00e4ndnis dieser Person haben, die personenbezogenen Daten an uns weiterzugeben.<\/p>\n\n\n\n<p>Wenn Sie zuvor zugestimmt haben, dass wir Ihre personenbezogenen Daten f\u00fcr Direktmarketingzwecke verwenden, k\u00f6nnen Sie Ihre Meinung jederzeit \u00e4ndern. Sie haben die M\u00f6glichkeit, sich von unserer E-Mail-Datenbank abzumelden oder die Zusendung von Mitteilungen abzulehnen. Bitte beachten Sie, dass wir m\u00f6glicherweise bestimmte Informationen von Ihnen anfordern m\u00fcssen, um Ihre Identit\u00e4t zu best\u00e4tigen.<\/p>\n\n\n\n<p>Wenn Sie der Meinung sind, dass Informationen, die wir \u00fcber Sie gespeichert haben, ungenau, veraltet, unvollst\u00e4ndig, irrelevant oder irref\u00fchrend sind, wenden Sie sich bitte an uns unter Verwendung der in dieser Datenschutzrichtlinie angegebenen Details. Wir werden angemessene Schritte unternehmen, um alle Informationen zu korrigieren, die sich als ungenau, unvollst\u00e4ndig, irref\u00fchrend oder veraltet erweisen.<\/p>\n\n\n\n<p>Wenn Sie der Meinung sind, dass wir gegen ein einschl\u00e4giges Datenschutzgesetz versto\u00dfen haben, und eine Beschwerde einreichen m\u00f6chten, setzen Sie sich bitte mit uns in Verbindung, indem Sie die nachstehenden Angaben machen und uns alle Einzelheiten des angeblichen Versto\u00dfes mitteilen. Wir werden Ihre Beschwerde umgehend untersuchen und Ihnen schriftlich antworten, wobei wir Ihnen das Ergebnis unserer Untersuchung und die Schritte, die wir zur Bearbeitung Ihrer Beschwerde unternehmen werden, mitteilen. Sie haben auch das Recht, sich wegen Ihrer Beschwerde an eine Aufsichtsbeh\u00f6rde oder eine Datenschutzbeh\u00f6rde zu wenden.<\/p>\n\n\n\n<h2 class=\"wp-block-heading\" id=\"h-use-of-cookies\"><strong>Verwendung von Cookies<\/strong><\/h2>\n\n\n\n<p>Wir verwenden \"Cookies\", um Informationen \u00fcber Sie und Ihre Aktivit\u00e4ten auf unserer Website zu sammeln. Ein Cookie ist ein kleiner Datensatz, den unsere Website auf Ihrem Computer speichert und bei jedem Besuch abruft, damit wir verstehen k\u00f6nnen, wie Sie unsere Website nutzen. Dies hilft uns, Ihnen Inhalte auf der Grundlage der von Ihnen angegebenen Pr\u00e4ferenzen anzubieten.<\/p>\n\n\n\n<h2 class=\"wp-block-heading\" id=\"h-limits-of-our-policy\"><strong>Die Grenzen unserer Politik<\/strong><\/h2>\n\n\n\n<p>Unsere Website kann Links zu externen Websites enthalten, die nicht von uns betrieben werden. Bitte beachten Sie, dass wir keine Kontrolle \u00fcber den Inhalt und die Richtlinien dieser Seiten haben und keine Verantwortung oder Haftung f\u00fcr deren Datenschutzpraktiken \u00fcbernehmen k\u00f6nnen.<\/p>\n\n\n\n<h2 class=\"wp-block-heading\" id=\"h-changes-to-this-policy\"><strong>\u00c4nderungen an dieser Politik<\/strong><\/h2>\n\n\n\n<p>Wir k\u00f6nnen unsere Datenschutzrichtlinie \u00e4ndern, um Aktualisierungen unserer Gesch\u00e4ftsprozesse, aktuelle akzeptable Praktiken oder gesetzliche oder beh\u00f6rdliche \u00c4nderungen zu ber\u00fccksichtigen. Wenn wir uns entscheiden, diese Datenschutzrichtlinie zu \u00e4ndern, werden wir die \u00c4nderungen hier unter demselben Link ver\u00f6ffentlichen, \u00fcber den Sie auf diese Datenschutzrichtlinie zugreifen.<\/p>\n\n\n\n<p>Falls gesetzlich vorgeschrieben, holen wir Ihr Einverst\u00e4ndnis ein oder geben Ihnen die M\u00f6glichkeit, sich f\u00fcr oder gegen eine neue Verwendung Ihrer personenbezogenen Daten zu entscheiden.<\/p>\n\n\n\n<h2 class=\"wp-block-heading\" id=\"h-contact-us\"><strong>Kontakt<\/strong><\/h2>\n\n\n\n<p>Wenn Sie Fragen oder Bedenken in Bezug auf Ihre Privatsph\u00e4re haben, k\u00f6nnen Sie uns unter den folgenden Angaben kontaktieren:<\/p>\n\n\n\n<p>sales@neonledstrip.com<\/p>","protected":false},"excerpt":{"rendered":"<p>Your privacy is important to us. It is Neon LED Strip policy to respect your privacy and comply with any applicable law and regulation regarding any personal information we may collect about you, including across our website, https:\/\/neonledstrip.com\/, and other sites we own and operate. This policy was updated on February 15, 2023. Information We&#8230;<\/p>","protected":false},"author":1,"featured_media":0,"parent":0,"menu_order":0,"comment_status":"closed","ping_status":"closed","template":"","meta":{"_kad_post_transparent":"","_kad_post_title":"","_kad_post_layout":"","_kad_post_sidebar_id":"","_kad_post_content_style":"","_kad_post_vertical_padding":"","_kad_post_feature":"","_kad_post_feature_position":"","_kad_post_header":false,"_kad_post_footer":false,"_kad_post_classname":"","footnotes":""},"class_list":["post-2582","page","type-page","status-publish","hentry"],"yoast_head":"<!-- This site is optimized with the Yoast SEO Premium plugin v23.0 (Yoast SEO v27.1.1) - https:\/\/yoast.com\/product\/yoast-seo-premium-wordpress\/ -->\n<title>Privacy Policy - Neon LED Strip<\/title>\n<meta name=\"robots\" content=\"index, follow, max-snippet:-1, max-image-preview:large, max-video-preview:-1\" \/>\n<link rel=\"canonical\" href=\"https:\/\/neonledstrip.com\/de\/personliche-daten\/\" \/>\n<meta property=\"og:locale\" content=\"de_DE\" \/>\n<meta property=\"og:type\" content=\"article\" \/>\n<meta property=\"og:title\" content=\"Privacy Policy\" \/>\n<meta property=\"og:description\" content=\"Your privacy is important to us. It is Neon LED Strip policy to respect your privacy and comply with any applicable law and regulation regarding any personal information we may collect about you, including across our website, https:\/\/neonledstrip.com\/, and other sites we own and operate. This policy was updated on February 15, 2023. Information We...\" \/>\n<meta property=\"og:url\" content=\"https:\/\/neonledstrip.com\/de\/personliche-daten\/\" \/>\n<meta property=\"og:site_name\" content=\"Neon LED Strip\" \/>\n<meta property=\"article:modified_time\" content=\"2025-06-13T08:55:03+00:00\" \/>\n<meta name=\"twitter:card\" content=\"summary_large_image\" \/>\n<meta name=\"twitter:label1\" content=\"Gesch\u00e4tzte Lesezeit\" \/>\n\t<meta name=\"twitter:data1\" content=\"6\u00a0Minuten\" \/>\n<script type=\"application\/ld+json\" class=\"yoast-schema-graph\">{\"@context\":\"https:\/\/schema.org\",\"@graph\":[{\"@type\":\"WebPage\",\"@id\":\"https:\/\/neonledstrip.com\/personal-information\/\",\"url\":\"https:\/\/neonledstrip.com\/personal-information\/\",\"name\":\"Privacy Policy - Neon LED Strip\",\"isPartOf\":{\"@id\":\"https:\/\/neonledstrip.com\/#website\"},\"datePublished\":\"2025-06-13T08:55:02+00:00\",\"dateModified\":\"2025-06-13T08:55:03+00:00\",\"breadcrumb\":{\"@id\":\"https:\/\/neonledstrip.com\/personal-information\/#breadcrumb\"},\"inLanguage\":\"de\",\"potentialAction\":[{\"@type\":\"ReadAction\",\"target\":[\"https:\/\/neonledstrip.com\/personal-information\/\"]}]},{\"@type\":\"BreadcrumbList\",\"@id\":\"https:\/\/neonledstrip.com\/personal-information\/#breadcrumb\",\"itemListElement\":[{\"@type\":\"ListItem\",\"position\":1,\"name\":\"Home\",\"item\":\"https:\/\/neonledstrip.com\/\"},{\"@type\":\"ListItem\",\"position\":2,\"name\":\"Privacy Policy\"}]},{\"@type\":\"WebSite\",\"@id\":\"https:\/\/neonledstrip.com\/#website\",\"url\":\"https:\/\/neonledstrip.com\/\",\"name\":\"Neon LED Strip\",\"description\":\"\",\"publisher\":{\"@id\":\"https:\/\/neonledstrip.com\/#organization\"},\"potentialAction\":[{\"@type\":\"SearchAction\",\"target\":{\"@type\":\"EntryPoint\",\"urlTemplate\":\"https:\/\/neonledstrip.com\/?s={search_term_string}\"},\"query-input\":{\"@type\":\"PropertyValueSpecification\",\"valueRequired\":true,\"valueName\":\"search_term_string\"}}],\"inLanguage\":\"de\"},{\"@type\":\"Organization\",\"@id\":\"https:\/\/neonledstrip.com\/#organization\",\"name\":\"Neon LED Strip\",\"url\":\"https:\/\/neonledstrip.com\/\",\"logo\":{\"@type\":\"ImageObject\",\"inLanguage\":\"de\",\"@id\":\"https:\/\/neonledstrip.com\/#\/schema\/logo\/image\/\",\"url\":\"https:\/\/neonledstrip.com\/wp-content\/uploads\/2023\/03\/LOGO.jpg\",\"contentUrl\":\"https:\/\/neonledstrip.com\/wp-content\/uploads\/2023\/03\/LOGO.jpg\",\"width\":646,\"height\":228,\"caption\":\"Neon LED Strip\"},\"image\":{\"@id\":\"https:\/\/neonledstrip.com\/#\/schema\/logo\/image\/\"}}]}<\/script>\n<!-- \/ Yoast SEO Premium plugin. -->","yoast_head_json":{"title":"Datenschutzerkl\u00e4rung - Neon LED Strip","robots":{"index":"index","follow":"follow","max-snippet":"max-snippet:-1","max-image-preview":"max-image-preview:large","max-video-preview":"max-video-preview:-1"},"canonical":"https:\/\/neonledstrip.com\/de\/personliche-daten\/","og_locale":"de_DE","og_type":"article","og_title":"Privacy Policy","og_description":"Your privacy is important to us. It is Neon LED Strip policy to respect your privacy and comply with any applicable law and regulation regarding any personal information we may collect about you, including across our website, https:\/\/neonledstrip.com\/, and other sites we own and operate. This policy was updated on February 15, 2023. Information We...","og_url":"https:\/\/neonledstrip.com\/de\/personliche-daten\/","og_site_name":"Neon LED Strip","article_modified_time":"2025-06-13T08:55:03+00:00","twitter_card":"summary_large_image","twitter_misc":{"Gesch\u00e4tzte Lesezeit":"6\u00a0Minuten"},"schema":{"@context":"https:\/\/schema.org","@graph":[{"@type":"WebPage","@id":"https:\/\/neonledstrip.com\/personal-information\/","url":"https:\/\/neonledstrip.com\/personal-information\/","name":"Datenschutzerkl\u00e4rung - Neon LED Strip","isPartOf":{"@id":"https:\/\/neonledstrip.com\/#website"},"datePublished":"2025-06-13T08:55:02+00:00","dateModified":"2025-06-13T08:55:03+00:00","breadcrumb":{"@id":"https:\/\/neonledstrip.com\/personal-information\/#breadcrumb"},"inLanguage":"de","potentialAction":[{"@type":"ReadAction","target":["https:\/\/neonledstrip.com\/personal-information\/"]}]},{"@type":"BreadcrumbList","@id":"https:\/\/neonledstrip.com\/personal-information\/#breadcrumb","itemListElement":[{"@type":"ListItem","position":1,"name":"Home","item":"https:\/\/neonledstrip.com\/"},{"@type":"ListItem","position":2,"name":"Privacy Policy"}]},{"@type":"WebSite","@id":"https:\/\/neonledstrip.com\/#website","url":"https:\/\/neonledstrip.com\/","name":"Neon-LED-Streifen","description":"","publisher":{"@id":"https:\/\/neonledstrip.com\/#organization"},"potentialAction":[{"@type":"SearchAction","target":{"@type":"EntryPoint","urlTemplate":"https:\/\/neonledstrip.com\/?s={search_term_string}"},"query-input":{"@type":"PropertyValueSpecification","valueRequired":true,"valueName":"search_term_string"}}],"inLanguage":"de"},{"@type":"Organization","@id":"https:\/\/neonledstrip.com\/#organization","name":"Neon-LED-Streifen","url":"https:\/\/neonledstrip.com\/","logo":{"@type":"ImageObject","inLanguage":"de","@id":"https:\/\/neonledstrip.com\/#\/schema\/logo\/image\/","url":"https:\/\/neonledstrip.com\/wp-content\/uploads\/2023\/03\/LOGO.jpg","contentUrl":"https:\/\/neonledstrip.com\/wp-content\/uploads\/2023\/03\/LOGO.jpg","width":646,"height":228,"caption":"Neon LED Strip"},"image":{"@id":"https:\/\/neonledstrip.com\/#\/schema\/logo\/image\/"}}]}},"_links":{"self":[{"href":"https:\/\/neonledstrip.com\/de\/wp-json\/wp\/v2\/pages\/2582","targetHints":{"allow":["GET"]}}],"collection":[{"href":"https:\/\/neonledstrip.com\/de\/wp-json\/wp\/v2\/pages"}],"about":[{"href":"https:\/\/neonledstrip.com\/de\/wp-json\/wp\/v2\/types\/page"}],"author":[{"embeddable":true,"href":"https:\/\/neonledstrip.com\/de\/wp-json\/wp\/v2\/users\/1"}],"replies":[{"embeddable":true,"href":"https:\/\/neonledstrip.com\/de\/wp-json\/wp\/v2\/comments?post=2582"}],"version-history":[{"count":0,"href":"https:\/\/neonledstrip.com\/de\/wp-json\/wp\/v2\/pages\/2582\/revisions"}],"wp:attachment":[{"href":"https:\/\/neonledstrip.com\/de\/wp-json\/wp\/v2\/media?parent=2582"}],"curies":[{"name":"wp","href":"https:\/\/api.w.org\/{rel}","templated":true}]}}